{"id":8471,"date":"2021-10-14T13:01:19","date_gmt":"2021-10-14T13:01:19","guid":{"rendered":"https:\/\/www.new.dolfospets.com\/export\/"},"modified":"2025-01-09T19:32:28","modified_gmt":"2025-01-09T18:32:28","slug":"eksport","status":"publish","type":"page","link":"https:\/\/dolfospets.com\/de\/eksport\/","title":{"rendered":"Export"},"content":{"rendered":"\t\t<div data-elementor-type=\"wp-page\" data-elementor-id=\"8471\" class=\"elementor elementor-8471 elementor-601\" data-elementor-post-type=\"page\">\n\t\t\t\t<div class=\"elementor-element elementor-element-60405dc e-con-full e-flex e-con e-parent\" data-id=\"60405dc\" data-element_type=\"container\" data-e-type=\"container\" data-settings=\"{&quot;background_background&quot;:&quot;classic&quot;}\">\n\t\t<div class=\"elementor-element elementor-element-465daee e-flex e-con-boxed e-con e-child\" data-id=\"465daee\" data-element_type=\"container\" data-e-type=\"container\">\n\t\t\t\t\t<div class=\"e-con-inner\">\n\t\t<div class=\"elementor-element elementor-element-31d90b0 e-flex e-con-boxed e-con e-child\" data-id=\"31d90b0\" data-element_type=\"container\" data-e-type=\"container\">\n\t\t\t\t\t<div class=\"e-con-inner\">\n\t\t\t\t<div class=\"elementor-element elementor-element-2b08f75 elementor-widget elementor-widget-text-editor\" data-id=\"2b08f75\" data-element_type=\"widget\" data-e-type=\"widget\" data-widget_type=\"text-editor.default\">\n\t\t\t\t<div class=\"elementor-widget-container\">\n\t\t\t\t\t\t\t\t\tSeit vielen Jahren der T\u00e4tigkeit von DOLFOS PETS haben wir Gesch\u00e4ftskontakte auf vielen ausl\u00e4ndischen M\u00e4rkten aufgebaut, darunter durch die Pr\u00e4senz auf den wichtigsten internationalen Messen. Wir arbeiten derzeit mit Partnern aus \u00fcber 30 L\u00e4ndern auf der ganzen Welt zusammen. Unsere Produkte sind in Tierkliniken und Tierhandlungen erh\u00e4ltlich weltweit.\t\t\t\t\t\t\t\t<\/div>\n\t\t\t\t<\/div>\n\t\t<div class=\"elementor-element elementor-element-e1b317f e-con-full e-flex e-con e-child\" data-id=\"e1b317f\" data-element_type=\"container\" data-e-type=\"container\">\n\t\t<div class=\"elementor-element elementor-element-5541e53 e-con-full e-flex e-con e-child\" data-id=\"5541e53\" data-element_type=\"container\" data-e-type=\"container\">\n\t\t\t\t<div class=\"elementor-element elementor-element-ed4362b elementor-widget elementor-widget-image\" data-id=\"ed4362b\" data-element_type=\"widget\" data-e-type=\"widget\" data-widget_type=\"image.default\">\n\t\t\t\t<div class=\"elementor-widget-container\">\n\t\t\t\t\t\t\t\t\t\t\t\t\t\t\t<img fetchpriority=\"high\" decoding=\"async\" width=\"746\" height=\"1024\" src=\"https:\/\/dolfospets.com\/wp-content\/uploads\/2023\/05\/IMG_0700-746x1024.jpg\" class=\"attachment-large size-large wp-image-14889\" alt=\"\" srcset=\"https:\/\/dolfospets.com\/wp-content\/uploads\/2023\/05\/IMG_0700-746x1024.jpg 746w, https:\/\/dolfospets.com\/wp-content\/uploads\/2023\/05\/IMG_0700-218x300.jpg 218w, https:\/\/dolfospets.com\/wp-content\/uploads\/2023\/05\/IMG_0700-768x1054.jpg 768w, https:\/\/dolfospets.com\/wp-content\/uploads\/2023\/05\/IMG_0700-300x412.jpg 300w, https:\/\/dolfospets.com\/wp-content\/uploads\/2023\/05\/IMG_0700-600x824.jpg 600w, https:\/\/dolfospets.com\/wp-content\/uploads\/2023\/05\/IMG_0700.jpg 1000w\" sizes=\"(max-width: 746px) 100vw, 746px\" \/>\t\t\t\t\t\t\t\t\t\t\t\t\t\t\t<\/div>\n\t\t\t\t<\/div>\n\t\t\t\t<\/div>\n\t\t<div class=\"elementor-element elementor-element-eba070a e-con-full e-flex e-con e-child\" data-id=\"eba070a\" data-element_type=\"container\" data-e-type=\"container\">\n\t\t\t\t<div class=\"elementor-element elementor-element-ce1c299 elementor-widget elementor-widget-heading\" data-id=\"ce1c299\" data-element_type=\"widget\" data-e-type=\"widget\" data-widget_type=\"heading.default\">\n\t\t\t\t<div class=\"elementor-widget-container\">\n\t\t\t\t\t<h5 class=\"elementor-heading-title elementor-size-default\">Marcin Pietraszko - Export Manager<\/h5>\t\t\t\t<\/div>\n\t\t\t\t<\/div>\n\t\t\t\t<div class=\"elementor-element elementor-element-ddbcebf elementor-widget elementor-widget-heading\" data-id=\"ddbcebf\" data-element_type=\"widget\" data-e-type=\"widget\" data-widget_type=\"heading.default\">\n\t\t\t\t<div class=\"elementor-widget-container\">\n\t\t\t\t\t<div class=\"elementor-heading-title elementor-size-small\">+48 885 555 465<\/div>\t\t\t\t<\/div>\n\t\t\t\t<\/div>\n\t\t\t\t<div class=\"elementor-element elementor-element-c3b36fa elementor-widget elementor-widget-heading\" data-id=\"c3b36fa\" data-element_type=\"widget\" data-e-type=\"widget\" data-widget_type=\"heading.default\">\n\t\t\t\t<div class=\"elementor-widget-container\">\n\t\t\t\t\t<h6 class=\"elementor-heading-title elementor-size-default\">m.pietraszko@dolfospets.com<\/h6>\t\t\t\t<\/div>\n\t\t\t\t<\/div>\n\t\t\t\t<div class=\"elementor-element elementor-element-b0837b5 e-grid-align-left elementor-shape-rounded elementor-grid-0 elementor-widget elementor-widget-social-icons\" data-id=\"b0837b5\" data-element_type=\"widget\" data-e-type=\"widget\" data-widget_type=\"social-icons.default\">\n\t\t\t\t<div class=\"elementor-widget-container\">\n\t\t\t\t\t\t\t<div class=\"elementor-social-icons-wrapper elementor-grid\">\n\t\t\t\t\t\t\t<span class=\"elementor-grid-item\">\n\t\t\t\t\t<a class=\"elementor-icon elementor-social-icon elementor-social-icon-linkedin elementor-repeater-item-fb5e56a\" href=\"https:\/\/www.linkedin.com\/showcase\/dolfos-international\/\" target=\"_blank\">\n\t\t\t\t\t\t<span class=\"elementor-screen-only\">Linkedin<\/span>\n\t\t\t\t\t\t<svg aria-hidden=\"true\" class=\"e-font-icon-svg e-fab-linkedin\" viewBox=\"0 0 448 512\" xmlns=\"http:\/\/www.w3.org\/2000\/svg\"><path d=\"M416 32H31.9C14.3 32 0 46.5 0 64.3v383.4C0 465.5 14.3 480 31.9 480H416c17.6 0 32-14.5 32-32.3V64.3c0-17.8-14.4-32.3-32-32.3zM135.4 416H69V202.2h66.5V416zm-33.2-243c-21.3 0-38.5-17.3-38.5-38.5S80.9 96 102.2 96c21.2 0 38.5 17.3 38.5 38.5 0 21.3-17.2 38.5-38.5 38.5zm282.1 243h-66.4V312c0-24.8-.5-56.7-34.5-56.7-34.6 0-39.9 27-39.9 54.9V416h-66.4V202.2h63.7v29.2h.9c8.9-16.8 30.6-34.5 62.9-34.5 67.2 0 79.7 44.3 79.7 101.9V416z\"><\/path><\/svg>\t\t\t\t\t<\/a>\n\t\t\t\t<\/span>\n\t\t\t\t\t<\/div>\n\t\t\t\t\t\t<\/div>\n\t\t\t\t<\/div>\n\t\t\t\t<\/div>\n\t\t\t\t<\/div>\n\t\t\t\t\t<\/div>\n\t\t\t\t<\/div>\n\t\t<div class=\"elementor-element elementor-element-2ea5163 e-flex e-con-boxed e-con e-child\" data-id=\"2ea5163\" data-element_type=\"container\" data-e-type=\"container\">\n\t\t\t\t\t<div class=\"e-con-inner\">\n\t\t\t\t<div class=\"elementor-element elementor-element-64bdfd2 elementor-hidden-tablet elementor-hidden-mobile elementor-widget elementor-widget-image\" data-id=\"64bdfd2\" data-element_type=\"widget\" data-e-type=\"widget\" data-widget_type=\"image.default\">\n\t\t\t\t<div class=\"elementor-widget-container\">\n\t\t\t\t\t\t\t\t\t\t\t\t\t\t\t<img decoding=\"async\" width=\"844\" height=\"800\" src=\"https:\/\/dolfospets.com\/wp-content\/uploads\/2021\/10\/Mask-Group-23.png\" class=\"attachment-large size-large wp-image-2977\" alt=\"\" srcset=\"https:\/\/dolfospets.com\/wp-content\/uploads\/2021\/10\/Mask-Group-23.png 844w, https:\/\/dolfospets.com\/wp-content\/uploads\/2021\/10\/Mask-Group-23-300x284.png 300w, https:\/\/dolfospets.com\/wp-content\/uploads\/2021\/10\/Mask-Group-23-600x569.png 600w, https:\/\/dolfospets.com\/wp-content\/uploads\/2021\/10\/Mask-Group-23-768x728.png 768w\" sizes=\"(max-width: 844px) 100vw, 844px\" \/>\t\t\t\t\t\t\t\t\t\t\t\t\t\t\t<\/div>\n\t\t\t\t<\/div>\n\t\t\t\t\t<\/div>\n\t\t\t\t<\/div>\n\t\t\t\t\t<\/div>\n\t\t\t\t<\/div>\n\t\t\t\t<\/div>\n\t\t<div class=\"elementor-element elementor-element-4655231 e-con-full map-export e-flex e-con e-parent\" data-id=\"4655231\" data-element_type=\"container\" data-e-type=\"container\">\n\t\t<div class=\"elementor-element elementor-element-6795a1f e-con-full e-flex e-con e-child\" data-id=\"6795a1f\" data-element_type=\"container\" data-e-type=\"container\">\n\t\t\t\t<div class=\"elementor-element elementor-element-8f3d895 elementor-hidden-tablet elementor-hidden-mobile elementor-widget elementor-widget-shortcode\" data-id=\"8f3d895\" data-element_type=\"widget\" data-e-type=\"widget\" data-widget_type=\"shortcode.default\">\n\t\t\t\t<div class=\"elementor-widget-container\">\n\t\t\t\t\t\t\t<div class=\"elementor-shortcode\"><\/div>\n\t\t\t\t\t\t<\/div>\n\t\t\t\t<\/div>\n\t\t\t\t<\/div>\n\t\t\t\t<\/div>\n\t\t\t\t<\/div>\n\t\t","protected":false},"excerpt":{"rendered":"<p>Linkedin<\/p>\n","protected":false},"author":1,"featured_media":2977,"parent":0,"menu_order":0,"comment_status":"closed","ping_status":"closed","template":"","meta":{"_acf_changed":false,"site-sidebar-layout":"no-sidebar","site-content-layout":"page-builder","ast-site-content-layout":"full-width-container","site-content-style":"unboxed","site-sidebar-style":"unboxed","ast-global-header-display":"","ast-banner-title-visibility":"","ast-main-header-display":"","ast-hfb-above-header-display":"","ast-hfb-below-header-display":"","ast-hfb-mobile-header-display":"","site-post-title":"disabled","ast-breadcrumbs-content":"","ast-featured-img":"disabled","footer-sml-layout":"","ast-disable-related-posts":"","theme-transparent-header-meta":"default","adv-header-id-meta":"","stick-header-meta":"","header-above-stick-meta":"","header-main-stick-meta":"","header-below-stick-meta":"","astra-migrate-meta-layouts":"default","ast-page-background-enabled":"default","ast-page-background-meta":{"desktop":{"background-color":"","background-image":"","background-repeat":"repeat","background-position":"center center","background-size":"auto","background-attachment":"scroll","background-type":"","background-media":"","overlay-type":"","overlay-color":"","overlay-opacity":"","overlay-gradient":""},"tablet":{"background-color":"","background-image":"","background-repeat":"repeat","background-position":"center center","background-size":"auto","background-attachment":"scroll","background-type":"","background-media":"","overlay-type":"","overlay-color":"","overlay-opacity":"","overlay-gradient":""},"mobile":{"background-color":"","background-image":"","background-repeat":"repeat","background-position":"center center","background-size":"auto","background-attachment":"scroll","background-type":"","background-media":"","overlay-type":"","overlay-color":"","overlay-opacity":"","overlay-gradient":""}},"ast-content-background-meta":{"desktop":{"background-color":"var(--ast-global-color-5)","background-image":"","background-repeat":"repeat","background-position":"center center","background-size":"auto","background-attachment":"scroll","background-type":"","background-media":"","overlay-type":"","overlay-color":"","overlay-opacity":"","overlay-gradient":""},"tablet":{"background-color":"var(--ast-global-color-5)","background-image":"","background-repeat":"repeat","background-position":"center center","background-size":"auto","background-attachment":"scroll","background-type":"","background-media":"","overlay-type":"","overlay-color":"","overlay-opacity":"","overlay-gradient":""},"mobile":{"background-color":"var(--ast-global-color-5)","background-image":"","background-repeat":"repeat","background-position":"center center","background-size":"auto","background-attachment":"scroll","background-type":"","background-media":"","overlay-type":"","overlay-color":"","overlay-opacity":"","overlay-gradient":""}},"footnotes":""},"class_list":["post-8471","page","type-page","status-publish","has-post-thumbnail","hentry"],"acf":[],"yoast_head":"<!-- This site is optimized with the Yoast SEO plugin v27.4 - https:\/\/yoast.com\/product\/yoast-seo-wordpress\/ -->\n<title>Export - DOLFOS PETS<\/title>\n<meta name=\"robots\" content=\"index, follow, max-snippet:-1, max-image-preview:large, max-video-preview:-1\" \/>\n<link rel=\"canonical\" href=\"https:\/\/dolfospets.com\/cs\/vyvoz\/\" \/>\n<meta property=\"og:locale\" content=\"de_DE\" \/>\n<meta property=\"og:type\" content=\"article\" \/>\n<meta property=\"og:title\" content=\"Export - DOLFOS PETS\" \/>\n<meta property=\"og:description\" content=\"Linkedin\" \/>\n<meta property=\"og:url\" content=\"https:\/\/dolfospets.com\/cs\/vyvoz\/\" \/>\n<meta property=\"og:site_name\" content=\"DOLFOS PETS\" \/>\n<meta property=\"article:modified_time\" content=\"2025-01-09T18:32:28+00:00\" \/>\n<meta property=\"og:image\" content=\"https:\/\/dolfospets.com\/wp-content\/uploads\/2021\/10\/Mask-Group-23.png\" \/>\n\t<meta property=\"og:image:width\" content=\"844\" \/>\n\t<meta property=\"og:image:height\" content=\"800\" \/>\n\t<meta property=\"og:image:type\" content=\"image\/png\" \/>\n<meta name=\"twitter:card\" content=\"summary_large_image\" \/>\n<meta name=\"twitter:label1\" content=\"Gesch\u00e4tzte Lesezeit\" \/>\n\t<meta name=\"twitter:data1\" content=\"1\u00a0Minute\" \/>\n<script type=\"application\/ld+json\" class=\"yoast-schema-graph\">{\"@context\":\"https:\\\/\\\/schema.org\",\"@graph\":[{\"@type\":\"WebPage\",\"@id\":\"https:\\\/\\\/dolfospets.com\\\/cs\\\/vyvoz\\\/\",\"url\":\"https:\\\/\\\/dolfospets.com\\\/cs\\\/vyvoz\\\/\",\"name\":\"Export - DOLFOS PETS\",\"isPartOf\":{\"@id\":\"https:\\\/\\\/dolfospets.com\\\/#website\"},\"primaryImageOfPage\":{\"@id\":\"https:\\\/\\\/dolfospets.com\\\/cs\\\/vyvoz\\\/#primaryimage\"},\"image\":{\"@id\":\"https:\\\/\\\/dolfospets.com\\\/cs\\\/vyvoz\\\/#primaryimage\"},\"thumbnailUrl\":\"https:\\\/\\\/dolfospets.com\\\/wp-content\\\/uploads\\\/2021\\\/10\\\/Mask-Group-23.png\",\"datePublished\":\"2021-10-14T13:01:19+00:00\",\"dateModified\":\"2025-01-09T18:32:28+00:00\",\"breadcrumb\":{\"@id\":\"https:\\\/\\\/dolfospets.com\\\/cs\\\/vyvoz\\\/#breadcrumb\"},\"inLanguage\":\"de\",\"potentialAction\":[{\"@type\":\"ReadAction\",\"target\":[\"https:\\\/\\\/dolfospets.com\\\/cs\\\/vyvoz\\\/\"]}]},{\"@type\":\"ImageObject\",\"inLanguage\":\"de\",\"@id\":\"https:\\\/\\\/dolfospets.com\\\/cs\\\/vyvoz\\\/#primaryimage\",\"url\":\"https:\\\/\\\/dolfospets.com\\\/wp-content\\\/uploads\\\/2021\\\/10\\\/Mask-Group-23.png\",\"contentUrl\":\"https:\\\/\\\/dolfospets.com\\\/wp-content\\\/uploads\\\/2021\\\/10\\\/Mask-Group-23.png\",\"width\":844,\"height\":800},{\"@type\":\"BreadcrumbList\",\"@id\":\"https:\\\/\\\/dolfospets.com\\\/cs\\\/vyvoz\\\/#breadcrumb\",\"itemListElement\":[{\"@type\":\"ListItem\",\"position\":1,\"name\":\"Strona g\u0142\u00f3wna\",\"item\":\"https:\\\/\\\/dolfospets.com\\\/de\\\/\"},{\"@type\":\"ListItem\",\"position\":2,\"name\":\"Export\"}]},{\"@type\":\"WebSite\",\"@id\":\"https:\\\/\\\/dolfospets.com\\\/#website\",\"url\":\"https:\\\/\\\/dolfospets.com\\\/\",\"name\":\"DOLFOS PETS\",\"description\":\"\",\"publisher\":{\"@id\":\"https:\\\/\\\/dolfospets.com\\\/#organization\"},\"potentialAction\":[{\"@type\":\"SearchAction\",\"target\":{\"@type\":\"EntryPoint\",\"urlTemplate\":\"https:\\\/\\\/dolfospets.com\\\/?s={search_term_string}\"},\"query-input\":{\"@type\":\"PropertyValueSpecification\",\"valueRequired\":true,\"valueName\":\"search_term_string\"}}],\"inLanguage\":\"de\"},{\"@type\":\"Organization\",\"@id\":\"https:\\\/\\\/dolfospets.com\\\/#organization\",\"name\":\"DOLFOS PETS\",\"url\":\"https:\\\/\\\/dolfospets.com\\\/\",\"logo\":{\"@type\":\"ImageObject\",\"inLanguage\":\"de\",\"@id\":\"https:\\\/\\\/dolfospets.com\\\/#\\\/schema\\\/logo\\\/image\\\/\",\"url\":\"https:\\\/\\\/dolfospets.com\\\/wp-content\\\/uploads\\\/2022\\\/08\\\/dolfospets.svg\",\"contentUrl\":\"https:\\\/\\\/dolfospets.com\\\/wp-content\\\/uploads\\\/2022\\\/08\\\/dolfospets.svg\",\"caption\":\"DOLFOS PETS\"},\"image\":{\"@id\":\"https:\\\/\\\/dolfospets.com\\\/#\\\/schema\\\/logo\\\/image\\\/\"}}]}<\/script>\n<!-- \/ Yoast SEO plugin. -->","yoast_head_json":{"title":"Export - DOLFOS PETS","robots":{"index":"index","follow":"follow","max-snippet":"max-snippet:-1","max-image-preview":"max-image-preview:large","max-video-preview":"max-video-preview:-1"},"canonical":"https:\/\/dolfospets.com\/cs\/vyvoz\/","og_locale":"de_DE","og_type":"article","og_title":"Export - DOLFOS PETS","og_description":"Linkedin","og_url":"https:\/\/dolfospets.com\/cs\/vyvoz\/","og_site_name":"DOLFOS PETS","article_modified_time":"2025-01-09T18:32:28+00:00","og_image":[{"width":844,"height":800,"url":"https:\/\/dolfospets.com\/wp-content\/uploads\/2021\/10\/Mask-Group-23.png","type":"image\/png"}],"twitter_card":"summary_large_image","twitter_misc":{"Gesch\u00e4tzte Lesezeit":"1\u00a0Minute"},"schema":{"@context":"https:\/\/schema.org","@graph":[{"@type":"WebPage","@id":"https:\/\/dolfospets.com\/cs\/vyvoz\/","url":"https:\/\/dolfospets.com\/cs\/vyvoz\/","name":"Export - DOLFOS PETS","isPartOf":{"@id":"https:\/\/dolfospets.com\/#website"},"primaryImageOfPage":{"@id":"https:\/\/dolfospets.com\/cs\/vyvoz\/#primaryimage"},"image":{"@id":"https:\/\/dolfospets.com\/cs\/vyvoz\/#primaryimage"},"thumbnailUrl":"https:\/\/dolfospets.com\/wp-content\/uploads\/2021\/10\/Mask-Group-23.png","datePublished":"2021-10-14T13:01:19+00:00","dateModified":"2025-01-09T18:32:28+00:00","breadcrumb":{"@id":"https:\/\/dolfospets.com\/cs\/vyvoz\/#breadcrumb"},"inLanguage":"de","potentialAction":[{"@type":"ReadAction","target":["https:\/\/dolfospets.com\/cs\/vyvoz\/"]}]},{"@type":"ImageObject","inLanguage":"de","@id":"https:\/\/dolfospets.com\/cs\/vyvoz\/#primaryimage","url":"https:\/\/dolfospets.com\/wp-content\/uploads\/2021\/10\/Mask-Group-23.png","contentUrl":"https:\/\/dolfospets.com\/wp-content\/uploads\/2021\/10\/Mask-Group-23.png","width":844,"height":800},{"@type":"BreadcrumbList","@id":"https:\/\/dolfospets.com\/cs\/vyvoz\/#breadcrumb","itemListElement":[{"@type":"ListItem","position":1,"name":"Strona g\u0142\u00f3wna","item":"https:\/\/dolfospets.com\/de\/"},{"@type":"ListItem","position":2,"name":"Export"}]},{"@type":"WebSite","@id":"https:\/\/dolfospets.com\/#website","url":"https:\/\/dolfospets.com\/","name":"DOLFOS PETS","description":"","publisher":{"@id":"https:\/\/dolfospets.com\/#organization"},"potentialAction":[{"@type":"SearchAction","target":{"@type":"EntryPoint","urlTemplate":"https:\/\/dolfospets.com\/?s={search_term_string}"},"query-input":{"@type":"PropertyValueSpecification","valueRequired":true,"valueName":"search_term_string"}}],"inLanguage":"de"},{"@type":"Organization","@id":"https:\/\/dolfospets.com\/#organization","name":"DOLFOS PETS","url":"https:\/\/dolfospets.com\/","logo":{"@type":"ImageObject","inLanguage":"de","@id":"https:\/\/dolfospets.com\/#\/schema\/logo\/image\/","url":"https:\/\/dolfospets.com\/wp-content\/uploads\/2022\/08\/dolfospets.svg","contentUrl":"https:\/\/dolfospets.com\/wp-content\/uploads\/2022\/08\/dolfospets.svg","caption":"DOLFOS PETS"},"image":{"@id":"https:\/\/dolfospets.com\/#\/schema\/logo\/image\/"}}]}},"_links":{"self":[{"href":"https:\/\/dolfospets.com\/de\/wp-json\/wp\/v2\/pages\/8471","targetHints":{"allow":["GET"]}}],"collection":[{"href":"https:\/\/dolfospets.com\/de\/wp-json\/wp\/v2\/pages"}],"about":[{"href":"https:\/\/dolfospets.com\/de\/wp-json\/wp\/v2\/types\/page"}],"author":[{"embeddable":true,"href":"https:\/\/dolfospets.com\/de\/wp-json\/wp\/v2\/users\/1"}],"replies":[{"embeddable":true,"href":"https:\/\/dolfospets.com\/de\/wp-json\/wp\/v2\/comments?post=8471"}],"version-history":[{"count":3,"href":"https:\/\/dolfospets.com\/de\/wp-json\/wp\/v2\/pages\/8471\/revisions"}],"predecessor-version":[{"id":28639,"href":"https:\/\/dolfospets.com\/de\/wp-json\/wp\/v2\/pages\/8471\/revisions\/28639"}],"wp:featuredmedia":[{"embeddable":true,"href":"https:\/\/dolfospets.com\/de\/wp-json\/wp\/v2\/media\/2977"}],"wp:attachment":[{"href":"https:\/\/dolfospets.com\/de\/wp-json\/wp\/v2\/media?parent=8471"}],"curies":[{"name":"wp","href":"https:\/\/api.w.org\/{rel}","templated":true}]}}