{"id":7342,"date":"2022-01-29T15:46:21","date_gmt":"2022-01-29T15:46:21","guid":{"rendered":"https:\/\/www.new.dolfospets.com\/products-for-birds-of-prey\/"},"modified":"2023-12-30T12:29:16","modified_gmt":"2023-12-30T11:29:16","slug":"products-for-birds-of-prey","status":"publish","type":"page","link":"https:\/\/dolfospets.com\/en\/products-for-birds-of-prey\/","title":{"rendered":"Birds of prey"},"content":{"rendered":"\t\t<div data-elementor-type=\"wp-page\" data-elementor-id=\"7342\" class=\"elementor elementor-7342 elementor-2280\" data-elementor-post-type=\"page\">\n\t\t\t\t<div class=\"elementor-element elementor-element-4195403 e-flex e-con-boxed e-con e-parent\" data-id=\"4195403\" data-element_type=\"container\" data-e-type=\"container\" data-settings=\"{&quot;background_background&quot;:&quot;classic&quot;}\">\n\t\t\t\t\t<div class=\"e-con-inner\">\n\t\t<div class=\"elementor-element elementor-element-8e74eab e-con-full e-flex e-con e-child\" data-id=\"8e74eab\" data-element_type=\"container\" data-e-type=\"container\">\n\t\t\t\t<div class=\"elementor-element elementor-element-006b539 elementor-position-inline-start elementor-widget__width-auto elementor-view-default elementor-mobile-position-block-start elementor-widget elementor-widget-icon-box\" data-id=\"006b539\" data-element_type=\"widget\" data-e-type=\"widget\" data-widget_type=\"icon-box.default\">\n\t\t\t\t<div class=\"elementor-widget-container\">\n\t\t\t\t\t\t\t<div class=\"elementor-icon-box-wrapper\">\n\n\t\t\t\t\t\t<div class=\"elementor-icon-box-icon\">\n\t\t\t\t<span  class=\"elementor-icon\">\n\t\t\t\t<svg xmlns=\"http:\/\/www.w3.org\/2000\/svg\" width=\"62\" height=\"75\" viewBox=\"0 0 62 75\" fill=\"none\"><path d=\"M54.766 19.542C54.9834 19.2243 55.254 18.9466 55.566 18.721C56.2569 18.2515 57.0032 17.8693 57.788 17.583L59.064 17.052L58.022 16.914C56.9324 16.7383 55.8181 16.7948 54.752 17.08C54.1511 17.2617 53.5928 17.5619 53.11 17.963C52.6275 18.3732 52.2192 18.8633 51.903 19.412C51.2403 20.4665 50.8821 21.6836 50.868 22.929C50.8665 24.0888 51.1013 25.2368 51.558 26.303C51.68 26.5899 51.8838 26.8345 52.144 27.0063C52.4041 27.1781 52.7092 27.2695 53.021 27.269C53.1174 27.2792 53.2146 27.2792 53.311 27.269C53.5171 27.2291 53.7129 27.1473 53.8861 27.0286C54.0594 26.9099 54.2064 26.7569 54.318 26.579C54.4361 26.4038 54.5183 26.2069 54.5597 25.9997C54.601 25.7925 54.6008 25.5791 54.559 25.372C54.511 25.117 54.459 24.872 54.407 24.627C54.2744 24.0353 54.1775 23.4362 54.117 22.833C54.0429 22.0664 54.1203 21.2927 54.345 20.556C54.4396 20.2008 54.5812 19.8598 54.766 19.542ZM25.789 50.823C28.8817 47.2153 31.3827 43.14 33.199 38.749C34.0942 36.5103 34.7622 34.1873 35.193 31.815L35.469 30.021L35.655 28.221V27.721C35.655 27.286 35.703 26.845 35.696 26.341C35.6597 25.9961 35.564 25.6601 35.413 25.348L35.365 25.248C35.213 24.903 35.02 24.599 34.234 24.358H33.413C32.647 24.658 32.475 24.931 32.33 25.269L32.282 25.379C32.1458 25.6675 32.0641 25.9788 32.041 26.297C32.041 26.704 32 27.118 32 27.518L31.89 29.588L31.738 31.271C31.4311 33.434 30.9064 35.5605 30.172 37.618C28.6414 41.7883 26.4774 45.6978 23.756 49.209C23.432 49.657 23.107 50.064 22.735 50.492L21.61 51.761C20.71 52.761 19.975 53.555 19.31 54.245C17.7291 55.8407 16.0541 57.3404 14.294 58.736C12.5113 60.1327 10.6524 61.4294 8.72595 62.62C7.87095 63.158 6.93895 63.72 5.78695 64.386C5.51795 64.552 5.23495 64.71 4.95895 64.862C4.18871 65.2456 3.48074 65.7432 2.85895 66.338L2.26595 66.952L3.10795 66.814C4.00153 66.6294 4.86064 66.3058 5.65395 65.855C5.89495 65.731 6.14395 65.607 6.39895 65.489C7.58595 64.896 8.56495 64.389 9.47595 63.895C11.5273 62.8011 13.5151 61.5922 15.43 60.274C17.3717 58.9521 19.2161 57.4927 20.949 55.907C21.68 55.217 22.432 54.437 23.44 53.396C24.227 52.575 25.04 51.726 25.779 50.816L25.789 50.823ZM57.615 31.174L57.401 30.774C57.16 30.2967 56.8881 29.8357 56.587 29.394C56.3642 29.0881 56.0914 28.822 55.78 28.607L55.68 28.507C55.4727 28.3433 55.2277 28.2343 54.9674 28.1897C54.7071 28.1452 54.4398 28.1666 54.19 28.252L53.576 28.652L53.5 28.728C53.3315 28.9221 53.2113 29.1532 53.1489 29.4025C53.0865 29.6519 53.0838 29.9124 53.141 30.163V30.28C53.212 30.6227 53.328 30.9546 53.486 31.267C53.665 31.598 53.852 31.922 54.045 32.247L54.397 32.854C54.961 33.8959 55.4431 34.9802 55.839 36.097C56.6435 38.2496 56.8811 40.573 56.529 42.844C56.0997 45.161 55.1794 47.3592 53.83 49.291C52.4347 51.3411 50.845 53.252 49.083 54.997C48.641 55.445 48.193 55.897 47.751 56.335C47.309 56.773 46.868 57.142 46.419 57.535H46.378C45.24 58.494 44.3079 59.253 43.4249 59.908C41.4309 61.433 39.3249 62.908 37.216 64.282C35.0925 65.6784 32.8938 66.957 30.63 68.112C29.616 68.636 28.484 69.168 27.18 69.733L25.414 70.423C24.7846 70.6474 24.1811 70.9387 23.614 71.292L22.752 71.851L23.773 71.816C24.4499 71.781 25.1208 71.67 25.773 71.485C26.173 71.361 26.566 71.223 26.967 71.085L27.657 70.857C29.037 70.346 30.182 69.864 31.257 69.374C33.6154 68.3093 35.9184 67.1258 38.157 65.828C40.42 64.528 42.641 63.137 44.757 61.688C45.709 61.053 46.716 60.308 47.938 59.397L48.007 59.342C48.49 58.963 48.994 58.562 49.49 58.135C49.986 57.708 50.47 57.266 50.946 56.81C52.9112 55.0171 54.6995 53.0393 56.286 50.904C57.9801 48.6741 59.1584 46.0962 59.736 43.356C60.2575 40.5404 60.0509 37.6383 59.136 34.925C58.7258 33.633 58.2135 32.3757 57.604 31.165L57.615 31.174ZM60.685 11.856C59.9934 11.0866 59.1207 10.5023 58.146 10.156C57.6978 9.98978 57.2361 9.86296 56.766 9.77697C56.2612 9.46483 55.8454 9.02775 55.559 8.50797C55.366 8.22497 55.18 7.96297 54.993 7.74197C54.2621 6.86988 53.4093 6.10771 52.461 5.47897C50.8007 4.46829 48.885 3.95596 46.942 4.00297C45.9752 4.01465 45.0109 4.10226 44.058 4.26497C41.2499 4.63285 38.5789 5.69865 36.289 7.36497C34.1661 9.00576 32.5675 11.2298 31.689 13.765C31.0887 15.5647 30.7191 17.4333 30.589 19.326L28.93 19.629L27.412 19.988C25.3905 20.5105 23.4168 21.203 21.512 22.058C17.6474 23.7211 14.1731 26.1735 11.312 29.258C8.67726 32.3903 6.45885 35.8504 4.71195 39.552C3.92995 41.136 3.12995 42.868 2.20095 45.02L1.02995 47.78C0.946953 47.987 0.857952 48.187 0.767952 48.394C0.418358 49.1259 0.185539 49.908 0.0779533 50.712L0.00195312 51.519L0.567953 50.939C1.11029 50.3237 1.54932 49.6247 1.86795 48.869C1.96795 48.669 2.06095 48.469 2.16795 48.269L3.51295 45.613C4.57495 43.543 5.47195 41.894 6.34195 40.397C8.22407 36.9932 10.5438 33.8504 13.242 31.049C15.9792 28.4311 19.2178 26.3943 22.763 25.061C24.5243 24.367 26.3393 23.8178 28.19 23.419L29.57 23.157L30.95 22.95L31.45 22.902C31.7655 22.882 32.079 22.8382 32.388 22.771C32.6706 22.711 32.9396 22.5988 33.181 22.44L33.25 22.392C33.533 22.213 33.7669 22.019 33.9399 21.24V21.074C33.9535 20.9778 33.9535 20.8802 33.9399 20.784C33.9399 15.658 35.23 11.925 37.707 9.71097C39.3692 8.32177 41.3949 7.4382 43.544 7.16497C46.304 6.64097 48.373 6.92997 50.098 8.07597C50.8548 8.6275 51.5327 9.27987 52.113 10.015L52.223 10.139C52.409 10.353 52.575 10.587 52.747 10.829C53.1189 11.4126 53.6075 11.9131 54.182 12.299C54.3116 12.4132 54.4615 12.5021 54.624 12.561C54.724 12.602 54.838 12.644 54.955 12.678L56.024 12.94C56.383 13.023 56.714 13.106 57.059 13.195C57.6668 13.3393 58.2503 13.5718 58.791 13.885C59.2755 14.1815 59.6415 14.6377 59.826 15.175C60.0157 15.7896 60.0973 16.4325 60.067 17.075V18.241L60.567 17.551C61.1624 16.8079 61.525 15.9055 61.609 14.957C61.6157 14.8571 61.6157 14.7569 61.609 14.657V14.588C61.6311 13.599 61.2984 12.6348 60.671 11.87L60.685 11.856Z\" fill=\"#C90C0F\"><\/path><\/svg>\t\t\t\t<\/span>\n\t\t\t<\/div>\n\t\t\t\n\t\t\t\t\t\t<div class=\"elementor-icon-box-content\">\n\n\t\t\t\t\t\t\t\t\t<h1 class=\"elementor-icon-box-title\">\n\t\t\t\t\t\t<span  >\n\t\t\t\t\t\t\tBirds of prey\t\t\t\t\t\t<\/span>\n\t\t\t\t\t<\/h1>\n\t\t\t\t\n\t\t\t\t\n\t\t\t<\/div>\n\t\t\t\n\t\t<\/div>\n\t\t\t\t\t\t<\/div>\n\t\t\t\t<\/div>\n\t\t\t\t<div class=\"elementor-element elementor-element-b4bbf07 elementor-widget__width-initial elementor-widget-mobile__width-inherit elementor-widget elementor-widget-text-editor\" data-id=\"b4bbf07\" data-element_type=\"widget\" data-e-type=\"widget\" data-widget_type=\"text-editor.default\">\n\t\t\t\t<div class=\"elementor-widget-container\">\n\t\t\t\t\t\t\t\t\tTop-quality supplementing and strengthening preparations, increasing immunity, improving the condition of joints, plumage, supporting the work of internal organs.\t\t\t\t\t\t\t\t<\/div>\n\t\t\t\t<\/div>\n\t\t\t\t<\/div>\n\t\t\t\t\t<\/div>\n\t\t\t\t<\/div>\n\t\t<div class=\"elementor-element elementor-element-b2031a6 e-flex e-con-boxed e-con e-parent\" data-id=\"b2031a6\" data-element_type=\"container\" data-e-type=\"container\">\n\t\t\t\t\t<div class=\"e-con-inner\">\n\t\t<div class=\"elementor-element elementor-element-ce68966 e-con-full e-flex e-con e-child\" data-id=\"ce68966\" data-element_type=\"container\" data-e-type=\"container\">\n\t\t\t\t<div class=\"elementor-element elementor-element-4720367 elementor-widget elementor-widget-heading\" data-id=\"4720367\" data-element_type=\"widget\" data-e-type=\"widget\" data-widget_type=\"heading.default\">\n\t\t\t\t<div class=\"elementor-widget-container\">\n\t\t\t\t\t<h2 class=\"elementor-heading-title elementor-size-default\">Vitamins, minerals, amino acids<\/h2>\t\t\t\t<\/div>\n\t\t\t\t<\/div>\n\t\t\t\t<div class=\"elementor-element elementor-element-d84d48a uael-woo--align-center uael-sale-flash-circle uael-featured-flash-circle elementor-widget elementor-widget-uael-woo-products\" data-id=\"d84d48a\" data-element_type=\"widget\" data-e-type=\"widget\" data-settings=\"{&quot;products_columns_mobile&quot;:&quot;2&quot;,&quot;products_columns&quot;:&quot;4&quot;,&quot;products_columns_tablet&quot;:&quot;3&quot;}\" data-widget_type=\"uael-woo-products.grid-default\">\n\t\t\t\t<div class=\"elementor-widget-container\">\n\t\t\t\t\t<div class=\"uael-woocommerce uael-woo-products-grid uael-woo-skin-grid-default uael-woo-query-custom\" data-page=\"7342\" data-skin=\"grid_default\"><div class=\" columns-4 uael-woo-products-inner uael-woo-product__column-4 uael-woo-product__column-tablet-3 uael-woo-product__column-mobile-2 uael-woo-product__hover-zoom\"><ul class=\"products columns-4\">\n\n\n<li class=\" products for birds of prey post-10843 product first instock purchasable product-type-variable\">\n\t<div class=\"uael-woo-product-wrapper uael-prod-auto-align-disabled\">\n\t\t<div class=\"uael-woo-products-thumbnail-wrap\"><div class=\"uael-flash-container \"><\/div><a href=\"https:\/\/dolfospets.com\/en\/sklep\/products-for-birds-of-prey\/dolfalcon-en\/\" class=\"woocommerce-LoopProduct-link woocommerce-loop-product__link\"><img fetchpriority=\"high\" decoding=\"async\" width=\"300\" height=\"400\" src=\"https:\/\/dolfospets.com\/wp-content\/uploads\/2021\/12\/DolfosDolfalcon-300x400.png\" class=\"attachment-woocommerce_thumbnail size-woocommerce_thumbnail\" alt=\"DolFalcon\" \/><\/a><\/div><div class=\"uael-woo-products-summary-wrap uael-auto-align-disabled\"><a href=\"https:\/\/dolfospets.com\/en\/sklep\/products-for-birds-of-prey\/dolfalcon-en\/\" class=\"uael-loop-product__link\"><h2 class=\"woocommerce-loop-product__title\">DolFalcon<\/h2><\/a><div class=\"uael-woo-products-description\"><p>For birds of prey with L-carnitine<\/p>\n<\/div><a href=\"https:\/\/dolfospets.com\/en\/sklep\/products-for-birds-of-prey\/dolfalcon-en\/\" aria-describedby=\"woocommerce_loop_add_to_cart_link_describedby_10843\" data-quantity=\"1\" class=\"button product_type_variable add_to_cart_button\" data-product_id=\"10843\" data-product_sku=\"ffa1b1096ce3\" aria-label=\"Select options for &ldquo;DolFalcon&rdquo;\" rel=\"nofollow\">Select options<\/a>\t<span id=\"woocommerce_loop_add_to_cart_link_describedby_10843\" class=\"screen-reader-text\">\n\t\tThis product has multiple variants. The options may be chosen on the product page\t<\/span>\n<\/div>\t<\/div>\n<\/li>\n<\/ul>\n<\/div><\/div>\t\t\t\t<\/div>\n\t\t\t\t<\/div>\n\t\t\t\t<\/div>\n\t\t\t\t\t<\/div>\n\t\t\t\t<\/div>\n\t\t<div class=\"elementor-element elementor-element-53cdf48 e-con-full e-flex e-con e-parent\" data-id=\"53cdf48\" data-element_type=\"container\" data-e-type=\"container\" data-settings=\"{&quot;sticky&quot;:&quot;bottom&quot;,&quot;sticky_on&quot;:[&quot;desktop&quot;,&quot;tablet&quot;,&quot;mobile&quot;],&quot;sticky_offset&quot;:0,&quot;sticky_effects_offset&quot;:0,&quot;sticky_anchor_link_offset&quot;:0}\">\n\t\t<div class=\"elementor-element elementor-element-9b675e6 e-con-full e-flex e-con e-child\" data-id=\"9b675e6\" data-element_type=\"container\" data-e-type=\"container\">\n\t\t\t\t<div class=\"elementor-element elementor-element-37993ff elementor-view-default elementor-widget elementor-widget-icon\" data-id=\"37993ff\" data-element_type=\"widget\" data-e-type=\"widget\" data-widget_type=\"icon.default\">\n\t\t\t\t<div class=\"elementor-widget-container\">\n\t\t\t\t\t\t\t<div class=\"elementor-icon-wrapper\">\n\t\t\t<a class=\"elementor-icon elementor-animation-grow\" href=\"#\">\n\t\t\t<svg xmlns=\"http:\/\/www.w3.org\/2000\/svg\" width=\"30\" height=\"30\" viewBox=\"0 0 30 30\"><g id=\"Group_44\" data-name=\"Group 44\" transform=\"translate(-1306 -704)\"><circle id=\"Ellipse_47\" data-name=\"Ellipse 47\" cx=\"15\" cy=\"15\" r=\"15\" transform=\"translate(1306 734) rotate(-90)\" fill=\"#c90c0f\"><\/circle><path id=\"Path_148\" data-name=\"Path 148\" d=\"M91.144,571.407l3.82,3.82-3.82,3.821\" transform=\"translate(745.773 811.054) rotate(-90)\" fill=\"none\" stroke=\"#fff\" stroke-linecap=\"round\" stroke-linejoin=\"round\" stroke-width=\"2\"><\/path><\/g><\/svg>\t\t\t<\/a>\n\t\t<\/div>\n\t\t\t\t\t\t<\/div>\n\t\t\t\t<\/div>\n\t\t\t\t<\/div>\n\t\t\t\t<\/div>\n\t\t\t\t<\/div>\n\t\t","protected":false},"excerpt":{"rendered":"<p>DolFalcon Dla ptak\u00f3w drapie\u017cnych z L-Karnityn\u0105 Wybierz opcje<\/p>\n","protected":false},"author":1,"featured_media":0,"parent":0,"menu_order":0,"comment_status":"closed","ping_status":"closed","template":"","meta":{"_acf_changed":false,"site-sidebar-layout":"no-sidebar","site-content-layout":"page-builder","ast-site-content-layout":"full-width-container","site-content-style":"unboxed","site-sidebar-style":"unboxed","ast-global-header-display":"","ast-banner-title-visibility":"","ast-main-header-display":"","ast-hfb-above-header-display":"","ast-hfb-below-header-display":"","ast-hfb-mobile-header-display":"","site-post-title":"disabled","ast-breadcrumbs-content":"","ast-featured-img":"disabled","footer-sml-layout":"","ast-disable-related-posts":"","theme-transparent-header-meta":"","adv-header-id-meta":"","stick-header-meta":"","header-above-stick-meta":"","header-main-stick-meta":"","header-below-stick-meta":"","astra-migrate-meta-layouts":"default","ast-page-background-enabled":"default","ast-page-background-meta":{"desktop":{"background-color":"","background-image":"","background-repeat":"repeat","background-position":"center center","background-size":"auto","background-attachment":"scroll","background-type":"","background-media":"","overlay-type":"","overlay-color":"","overlay-opacity":"","overlay-gradient":""},"tablet":{"background-color":"","background-image":"","background-repeat":"repeat","background-position":"center center","background-size":"auto","background-attachment":"scroll","background-type":"","background-media":"","overlay-type":"","overlay-color":"","overlay-opacity":"","overlay-gradient":""},"mobile":{"background-color":"","background-image":"","background-repeat":"repeat","background-position":"center center","background-size":"auto","background-attachment":"scroll","background-type":"","background-media":"","overlay-type":"","overlay-color":"","overlay-opacity":"","overlay-gradient":""}},"ast-content-background-meta":{"desktop":{"background-color":"var(--ast-global-color-5)","background-image":"","background-repeat":"repeat","background-position":"center center","background-size":"auto","background-attachment":"scroll","background-type":"","background-media":"","overlay-type":"","overlay-color":"","overlay-opacity":"","overlay-gradient":""},"tablet":{"background-color":"var(--ast-global-color-5)","background-image":"","background-repeat":"repeat","background-position":"center center","background-size":"auto","background-attachment":"scroll","background-type":"","background-media":"","overlay-type":"","overlay-color":"","overlay-opacity":"","overlay-gradient":""},"mobile":{"background-color":"var(--ast-global-color-5)","background-image":"","background-repeat":"repeat","background-position":"center center","background-size":"auto","background-attachment":"scroll","background-type":"","background-media":"","overlay-type":"","overlay-color":"","overlay-opacity":"","overlay-gradient":""}},"footnotes":""},"class_list":["post-7342","page","type-page","status-publish","hentry","desktop-align-left","tablet-align-left","mobile-align-left"],"acf":[],"yoast_head":"<!-- This site is optimized with the Yoast SEO plugin v27.4 - https:\/\/yoast.com\/product\/yoast-seo-wordpress\/ -->\n<title>Birds of prey - DOLFOS PETS<\/title>\n<meta name=\"robots\" content=\"index, follow, max-snippet:-1, max-image-preview:large, max-video-preview:-1\" \/>\n<link rel=\"canonical\" href=\"https:\/\/dolfospets.com\/en\/products-for-birds-of-prey\/\" \/>\n<meta property=\"og:locale\" content=\"en_US\" \/>\n<meta property=\"og:type\" content=\"article\" \/>\n<meta property=\"og:title\" content=\"Birds of prey - DOLFOS PETS\" \/>\n<meta property=\"og:description\" content=\"DolFalcon Dla ptak\u00f3w drapie\u017cnych z L-Karnityn\u0105 Wybierz opcje\" \/>\n<meta property=\"og:url\" content=\"https:\/\/dolfospets.com\/en\/products-for-birds-of-prey\/\" \/>\n<meta property=\"og:site_name\" content=\"DOLFOS PETS\" \/>\n<meta property=\"article:modified_time\" content=\"2023-12-30T11:29:16+00:00\" \/>\n<meta property=\"og:image\" content=\"https:\/\/new-dolfospets.dolfospets.com\/wp-content\/uploads\/2021\/12\/DolFalcon21-1-300x272.jpg\" \/>\n<meta name=\"twitter:card\" content=\"summary_large_image\" \/>\n<meta name=\"twitter:label1\" content=\"Est. reading time\" \/>\n\t<meta name=\"twitter:data1\" content=\"1 minute\" \/>\n<script type=\"application\/ld+json\" class=\"yoast-schema-graph\">{\"@context\":\"https:\\\/\\\/schema.org\",\"@graph\":[{\"@type\":\"WebPage\",\"@id\":\"https:\\\/\\\/dolfospets.com\\\/en\\\/products-for-birds-of-prey\\\/\",\"url\":\"https:\\\/\\\/dolfospets.com\\\/en\\\/products-for-birds-of-prey\\\/\",\"name\":\"Birds of prey - DOLFOS PETS\",\"isPartOf\":{\"@id\":\"https:\\\/\\\/dolfospets.com\\\/#website\"},\"primaryImageOfPage\":{\"@id\":\"https:\\\/\\\/dolfospets.com\\\/en\\\/products-for-birds-of-prey\\\/#primaryimage\"},\"image\":{\"@id\":\"https:\\\/\\\/dolfospets.com\\\/en\\\/products-for-birds-of-prey\\\/#primaryimage\"},\"thumbnailUrl\":\"https:\\\/\\\/new-dolfospets.dolfospets.com\\\/wp-content\\\/uploads\\\/2021\\\/12\\\/DolFalcon21-1-300x272.jpg\",\"datePublished\":\"2022-01-29T15:46:21+00:00\",\"dateModified\":\"2023-12-30T11:29:16+00:00\",\"breadcrumb\":{\"@id\":\"https:\\\/\\\/dolfospets.com\\\/en\\\/products-for-birds-of-prey\\\/#breadcrumb\"},\"inLanguage\":\"en-US\",\"potentialAction\":[{\"@type\":\"ReadAction\",\"target\":[\"https:\\\/\\\/dolfospets.com\\\/en\\\/products-for-birds-of-prey\\\/\"]}]},{\"@type\":\"ImageObject\",\"inLanguage\":\"en-US\",\"@id\":\"https:\\\/\\\/dolfospets.com\\\/en\\\/products-for-birds-of-prey\\\/#primaryimage\",\"url\":\"https:\\\/\\\/new-dolfospets.dolfospets.com\\\/wp-content\\\/uploads\\\/2021\\\/12\\\/DolFalcon21-1-300x272.jpg\",\"contentUrl\":\"https:\\\/\\\/new-dolfospets.dolfospets.com\\\/wp-content\\\/uploads\\\/2021\\\/12\\\/DolFalcon21-1-300x272.jpg\"},{\"@type\":\"BreadcrumbList\",\"@id\":\"https:\\\/\\\/dolfospets.com\\\/en\\\/products-for-birds-of-prey\\\/#breadcrumb\",\"itemListElement\":[{\"@type\":\"ListItem\",\"position\":1,\"name\":\"Strona g\u0142\u00f3wna\",\"item\":\"https:\\\/\\\/dolfospets.com\\\/\"},{\"@type\":\"ListItem\",\"position\":2,\"name\":\"Birds of prey\"}]},{\"@type\":\"WebSite\",\"@id\":\"https:\\\/\\\/dolfospets.com\\\/#website\",\"url\":\"https:\\\/\\\/dolfospets.com\\\/\",\"name\":\"DOLFOS PETS\",\"description\":\"\",\"publisher\":{\"@id\":\"https:\\\/\\\/dolfospets.com\\\/#organization\"},\"potentialAction\":[{\"@type\":\"SearchAction\",\"target\":{\"@type\":\"EntryPoint\",\"urlTemplate\":\"https:\\\/\\\/dolfospets.com\\\/?s={search_term_string}\"},\"query-input\":{\"@type\":\"PropertyValueSpecification\",\"valueRequired\":true,\"valueName\":\"search_term_string\"}}],\"inLanguage\":\"en-US\"},{\"@type\":\"Organization\",\"@id\":\"https:\\\/\\\/dolfospets.com\\\/#organization\",\"name\":\"DOLFOS PETS\",\"url\":\"https:\\\/\\\/dolfospets.com\\\/\",\"logo\":{\"@type\":\"ImageObject\",\"inLanguage\":\"en-US\",\"@id\":\"https:\\\/\\\/dolfospets.com\\\/#\\\/schema\\\/logo\\\/image\\\/\",\"url\":\"https:\\\/\\\/dolfospets.com\\\/wp-content\\\/uploads\\\/2022\\\/08\\\/dolfospets.svg\",\"contentUrl\":\"https:\\\/\\\/dolfospets.com\\\/wp-content\\\/uploads\\\/2022\\\/08\\\/dolfospets.svg\",\"caption\":\"DOLFOS PETS\"},\"image\":{\"@id\":\"https:\\\/\\\/dolfospets.com\\\/#\\\/schema\\\/logo\\\/image\\\/\"}}]}<\/script>\n<!-- \/ Yoast SEO plugin. -->","yoast_head_json":{"title":"Birds of prey - DOLFOS PETS","robots":{"index":"index","follow":"follow","max-snippet":"max-snippet:-1","max-image-preview":"max-image-preview:large","max-video-preview":"max-video-preview:-1"},"canonical":"https:\/\/dolfospets.com\/en\/products-for-birds-of-prey\/","og_locale":"en_US","og_type":"article","og_title":"Birds of prey - DOLFOS PETS","og_description":"DolFalcon Dla ptak\u00f3w drapie\u017cnych z L-Karnityn\u0105 Wybierz opcje","og_url":"https:\/\/dolfospets.com\/en\/products-for-birds-of-prey\/","og_site_name":"DOLFOS PETS","article_modified_time":"2023-12-30T11:29:16+00:00","og_image":[{"url":"https:\/\/new-dolfospets.dolfospets.com\/wp-content\/uploads\/2021\/12\/DolFalcon21-1-300x272.jpg","type":"","width":"","height":""}],"twitter_card":"summary_large_image","twitter_misc":{"Est. reading time":"1 minute"},"schema":{"@context":"https:\/\/schema.org","@graph":[{"@type":"WebPage","@id":"https:\/\/dolfospets.com\/en\/products-for-birds-of-prey\/","url":"https:\/\/dolfospets.com\/en\/products-for-birds-of-prey\/","name":"Birds of prey - DOLFOS PETS","isPartOf":{"@id":"https:\/\/dolfospets.com\/#website"},"primaryImageOfPage":{"@id":"https:\/\/dolfospets.com\/en\/products-for-birds-of-prey\/#primaryimage"},"image":{"@id":"https:\/\/dolfospets.com\/en\/products-for-birds-of-prey\/#primaryimage"},"thumbnailUrl":"https:\/\/new-dolfospets.dolfospets.com\/wp-content\/uploads\/2021\/12\/DolFalcon21-1-300x272.jpg","datePublished":"2022-01-29T15:46:21+00:00","dateModified":"2023-12-30T11:29:16+00:00","breadcrumb":{"@id":"https:\/\/dolfospets.com\/en\/products-for-birds-of-prey\/#breadcrumb"},"inLanguage":"en-US","potentialAction":[{"@type":"ReadAction","target":["https:\/\/dolfospets.com\/en\/products-for-birds-of-prey\/"]}]},{"@type":"ImageObject","inLanguage":"en-US","@id":"https:\/\/dolfospets.com\/en\/products-for-birds-of-prey\/#primaryimage","url":"https:\/\/new-dolfospets.dolfospets.com\/wp-content\/uploads\/2021\/12\/DolFalcon21-1-300x272.jpg","contentUrl":"https:\/\/new-dolfospets.dolfospets.com\/wp-content\/uploads\/2021\/12\/DolFalcon21-1-300x272.jpg"},{"@type":"BreadcrumbList","@id":"https:\/\/dolfospets.com\/en\/products-for-birds-of-prey\/#breadcrumb","itemListElement":[{"@type":"ListItem","position":1,"name":"Strona g\u0142\u00f3wna","item":"https:\/\/dolfospets.com\/"},{"@type":"ListItem","position":2,"name":"Birds of prey"}]},{"@type":"WebSite","@id":"https:\/\/dolfospets.com\/#website","url":"https:\/\/dolfospets.com\/","name":"DOLFOS PETS","description":"","publisher":{"@id":"https:\/\/dolfospets.com\/#organization"},"potentialAction":[{"@type":"SearchAction","target":{"@type":"EntryPoint","urlTemplate":"https:\/\/dolfospets.com\/?s={search_term_string}"},"query-input":{"@type":"PropertyValueSpecification","valueRequired":true,"valueName":"search_term_string"}}],"inLanguage":"en-US"},{"@type":"Organization","@id":"https:\/\/dolfospets.com\/#organization","name":"DOLFOS PETS","url":"https:\/\/dolfospets.com\/","logo":{"@type":"ImageObject","inLanguage":"en-US","@id":"https:\/\/dolfospets.com\/#\/schema\/logo\/image\/","url":"https:\/\/dolfospets.com\/wp-content\/uploads\/2022\/08\/dolfospets.svg","contentUrl":"https:\/\/dolfospets.com\/wp-content\/uploads\/2022\/08\/dolfospets.svg","caption":"DOLFOS PETS"},"image":{"@id":"https:\/\/dolfospets.com\/#\/schema\/logo\/image\/"}}]}},"_links":{"self":[{"href":"https:\/\/dolfospets.com\/en\/wp-json\/wp\/v2\/pages\/7342","targetHints":{"allow":["GET"]}}],"collection":[{"href":"https:\/\/dolfospets.com\/en\/wp-json\/wp\/v2\/pages"}],"about":[{"href":"https:\/\/dolfospets.com\/en\/wp-json\/wp\/v2\/types\/page"}],"author":[{"embeddable":true,"href":"https:\/\/dolfospets.com\/en\/wp-json\/wp\/v2\/users\/1"}],"replies":[{"embeddable":true,"href":"https:\/\/dolfospets.com\/en\/wp-json\/wp\/v2\/comments?post=7342"}],"version-history":[{"count":0,"href":"https:\/\/dolfospets.com\/en\/wp-json\/wp\/v2\/pages\/7342\/revisions"}],"wp:attachment":[{"href":"https:\/\/dolfospets.com\/en\/wp-json\/wp\/v2\/media?parent=7342"}],"curies":[{"name":"wp","href":"https:\/\/api.w.org\/{rel}","templated":true}]}}