{"id":25037,"date":"2023-12-12T19:45:10","date_gmt":"2023-12-13T17:41:33","guid":{"rendered":"https:\/\/new-dolfospets.dolfospets.com\/?post_type=product&#038;p=25037"},"modified":"2024-04-24T17:03:07","modified_gmt":"2024-04-24T16:03:07","slug":"dolstone-mineral-dg","status":"publish","type":"product","link":"https:\/\/dolfospets.com\/en\/sklep\/preparations-for-pigeons\/vitamins-minerals-amino-acids\/dolstone-mineral-dg\/","title":{"rendered":"DOLSTONE mineral DG"},"content":{"rendered":"<p>DOLSTONE mineral DG to preparat, w sk\u0142ad kt\u00f3rego wchodzi dok\u0142adnie dobrany zestaw makro- i mikroelement\u00f3w. Preparat podawany jest w okresie przygotowania do l\u0119g\u00f3w i w czasie ich trwania. Wysokowarto\u015bciowy wap\u0144 i fosfor w po\u0142\u0105czeniu z innymi \u0142atwo przyswajalnymi sk\u0142adnikami, zawartymi w preparacie, wp\u0142ywaj\u0105 na wzrost m\u0142odych go\u0142\u0119bi. DOLSTONE mineral DG podaje si\u0119 r\u00f3wnie\u017c go\u0142\u0119biom w czasie lot\u00f3w i pierzenia. Jest tak\u017ce zalecany w okresie rekonwalescencji. Dodatek any\u017cu zapewnia smakowito\u015b\u0107 mieszanki oraz wsparcie dla uk\u0142adu pokarmowego i oddechowego.<\/p>\n","protected":false},"excerpt":{"rendered":"<p>Minera\u0142y w formie kamienia<\/p>\n","protected":false},"featured_media":26784,"comment_status":"open","ping_status":"closed","template":"","meta":{"_acf_changed":false,"site-sidebar-layout":"default","site-content-layout":"default","ast-site-content-layout":"default","site-content-style":"default","site-sidebar-style":"default","ast-global-header-display":"","ast-banner-title-visibility":"","ast-main-header-display":"","ast-hfb-above-header-display":"","ast-hfb-below-header-display":"","ast-hfb-mobile-header-display":"","site-post-title":"","ast-breadcrumbs-content":"","ast-featured-img":"","footer-sml-layout":"","ast-disable-related-posts":"","theme-transparent-header-meta":"default","adv-header-id-meta":"","stick-header-meta":"","header-above-stick-meta":"","header-main-stick-meta":"","header-below-stick-meta":"","astra-migrate-meta-layouts":"default","ast-page-background-enabled":"default","ast-page-background-meta":{"desktop":{"background-color":"","background-image":"","background-repeat":"repeat","background-position":"center center","background-size":"auto","background-attachment":"scroll","background-type":"","background-media":"","overlay-type":"","overlay-color":"","overlay-opacity":"","overlay-gradient":""},"tablet":{"background-color":"","background-image":"","background-repeat":"repeat","background-position":"center center","background-size":"auto","background-attachment":"scroll","background-type":"","background-media":"","overlay-type":"","overlay-color":"","overlay-opacity":"","overlay-gradient":""},"mobile":{"background-color":"","background-image":"","background-repeat":"repeat","background-position":"center center","background-size":"auto","background-attachment":"scroll","background-type":"","background-media":"","overlay-type":"","overlay-color":"","overlay-opacity":"","overlay-gradient":""}},"ast-content-background-meta":{"desktop":{"background-color":"var(--ast-global-color-5)","background-image":"","background-repeat":"repeat","background-position":"center center","background-size":"auto","background-attachment":"scroll","background-type":"","background-media":"","overlay-type":"","overlay-color":"","overlay-opacity":"","overlay-gradient":""},"tablet":{"background-color":"var(--ast-global-color-5)","background-image":"","background-repeat":"repeat","background-position":"center center","background-size":"auto","background-attachment":"scroll","background-type":"","background-media":"","overlay-type":"","overlay-color":"","overlay-opacity":"","overlay-gradient":""},"mobile":{"background-color":"var(--ast-global-color-5)","background-image":"","background-repeat":"repeat","background-position":"center center","background-size":"auto","background-attachment":"scroll","background-type":"","background-media":"","overlay-type":"","overlay-color":"","overlay-opacity":"","overlay-gradient":""}}},"product_brand":[],"product_cat":[468,402],"product_tag":[],"class_list":{"0":"post-25037","1":"product","2":"type-product","3":"status-publish","4":"has-post-thumbnail","6":"product_cat-newest-products","7":"product_cat-vitamins-minerals-amino-acids","8":"desktop-align-left","9":"tablet-align-left","10":"mobile-align-left","12":"first","13":"instock","14":"taxable","15":"shipping-taxable","16":"purchasable","17":"product-type-variable"},"acf":[],"yoast_head":"<!-- This site is optimized with the Yoast SEO plugin v27.4 - https:\/\/yoast.com\/product\/yoast-seo-wordpress\/ -->\n<title>DOLSTONE mineral DG - DOLFOS PETS<\/title>\n<meta name=\"robots\" content=\"index, follow, max-snippet:-1, max-image-preview:large, max-video-preview:-1\" \/>\n<link rel=\"canonical\" href=\"https:\/\/dolfospets.com\/en\/sklep\/preparations-for-pigeons\/vitamins-minerals-amino-acids\/dolstone-mineral-dg\/\" \/>\n<meta property=\"og:locale\" content=\"en_US\" \/>\n<meta property=\"og:type\" content=\"article\" \/>\n<meta property=\"og:title\" content=\"DOLSTONE mineral DG - DOLFOS PETS\" \/>\n<meta property=\"og:description\" content=\"Minera\u0142y w formie kamienia\" \/>\n<meta property=\"og:url\" content=\"https:\/\/dolfospets.com\/en\/sklep\/preparations-for-pigeons\/vitamins-minerals-amino-acids\/dolstone-mineral-dg\/\" \/>\n<meta property=\"og:site_name\" content=\"DOLFOS PETS\" \/>\n<meta property=\"article:modified_time\" content=\"2024-04-24T16:03:07+00:00\" \/>\n<meta property=\"og:image\" content=\"https:\/\/dolfospets.com\/wp-content\/uploads\/2023\/12\/dolstone.png\" \/>\n\t<meta property=\"og:image:width\" content=\"900\" \/>\n\t<meta property=\"og:image:height\" content=\"1363\" \/>\n\t<meta property=\"og:image:type\" content=\"image\/png\" \/>\n<meta name=\"twitter:card\" content=\"summary_large_image\" \/>\n<script type=\"application\/ld+json\" class=\"yoast-schema-graph\">{\"@context\":\"https:\\\/\\\/schema.org\",\"@graph\":[{\"@type\":\"WebPage\",\"@id\":\"https:\\\/\\\/dolfospets.com\\\/en\\\/sklep\\\/preparations-for-pigeons\\\/vitamins-minerals-amino-acids\\\/dolstone-mineral-dg\\\/\",\"url\":\"https:\\\/\\\/dolfospets.com\\\/en\\\/sklep\\\/preparations-for-pigeons\\\/vitamins-minerals-amino-acids\\\/dolstone-mineral-dg\\\/\",\"name\":\"DOLSTONE mineral DG - DOLFOS PETS\",\"isPartOf\":{\"@id\":\"https:\\\/\\\/dolfospets.com\\\/#website\"},\"primaryImageOfPage\":{\"@id\":\"https:\\\/\\\/dolfospets.com\\\/en\\\/sklep\\\/preparations-for-pigeons\\\/vitamins-minerals-amino-acids\\\/dolstone-mineral-dg\\\/#primaryimage\"},\"image\":{\"@id\":\"https:\\\/\\\/dolfospets.com\\\/en\\\/sklep\\\/preparations-for-pigeons\\\/vitamins-minerals-amino-acids\\\/dolstone-mineral-dg\\\/#primaryimage\"},\"thumbnailUrl\":\"https:\\\/\\\/dolfospets.com\\\/wp-content\\\/uploads\\\/2023\\\/12\\\/dolstone.png\",\"datePublished\":\"2023-12-13T17:41:33+00:00\",\"dateModified\":\"2024-04-24T16:03:07+00:00\",\"breadcrumb\":{\"@id\":\"https:\\\/\\\/dolfospets.com\\\/en\\\/sklep\\\/preparations-for-pigeons\\\/vitamins-minerals-amino-acids\\\/dolstone-mineral-dg\\\/#breadcrumb\"},\"inLanguage\":\"en-US\",\"potentialAction\":[{\"@type\":\"ReadAction\",\"target\":[\"https:\\\/\\\/dolfospets.com\\\/en\\\/sklep\\\/preparations-for-pigeons\\\/vitamins-minerals-amino-acids\\\/dolstone-mineral-dg\\\/\"]}]},{\"@type\":\"ImageObject\",\"inLanguage\":\"en-US\",\"@id\":\"https:\\\/\\\/dolfospets.com\\\/en\\\/sklep\\\/preparations-for-pigeons\\\/vitamins-minerals-amino-acids\\\/dolstone-mineral-dg\\\/#primaryimage\",\"url\":\"https:\\\/\\\/dolfospets.com\\\/wp-content\\\/uploads\\\/2023\\\/12\\\/dolstone.png\",\"contentUrl\":\"https:\\\/\\\/dolfospets.com\\\/wp-content\\\/uploads\\\/2023\\\/12\\\/dolstone.png\",\"width\":900,\"height\":1363},{\"@type\":\"BreadcrumbList\",\"@id\":\"https:\\\/\\\/dolfospets.com\\\/en\\\/sklep\\\/preparations-for-pigeons\\\/vitamins-minerals-amino-acids\\\/dolstone-mineral-dg\\\/#breadcrumb\",\"itemListElement\":[{\"@type\":\"ListItem\",\"position\":1,\"name\":\"Strona g\u0142\u00f3wna\",\"item\":\"https:\\\/\\\/dolfospets.com\\\/\"},{\"@type\":\"ListItem\",\"position\":2,\"name\":\"Produkty\",\"item\":\"https:\\\/\\\/dolfospets.com\\\/shop\\\/\"},{\"@type\":\"ListItem\",\"position\":3,\"name\":\"DOLSTONE mineral DG\"}]},{\"@type\":\"WebSite\",\"@id\":\"https:\\\/\\\/dolfospets.com\\\/#website\",\"url\":\"https:\\\/\\\/dolfospets.com\\\/\",\"name\":\"DOLFOS PETS\",\"description\":\"\",\"publisher\":{\"@id\":\"https:\\\/\\\/dolfospets.com\\\/#organization\"},\"potentialAction\":[{\"@type\":\"SearchAction\",\"target\":{\"@type\":\"EntryPoint\",\"urlTemplate\":\"https:\\\/\\\/dolfospets.com\\\/?s={search_term_string}\"},\"query-input\":{\"@type\":\"PropertyValueSpecification\",\"valueRequired\":true,\"valueName\":\"search_term_string\"}}],\"inLanguage\":\"en-US\"},{\"@type\":\"Organization\",\"@id\":\"https:\\\/\\\/dolfospets.com\\\/#organization\",\"name\":\"DOLFOS PETS\",\"url\":\"https:\\\/\\\/dolfospets.com\\\/\",\"logo\":{\"@type\":\"ImageObject\",\"inLanguage\":\"en-US\",\"@id\":\"https:\\\/\\\/dolfospets.com\\\/#\\\/schema\\\/logo\\\/image\\\/\",\"url\":\"https:\\\/\\\/dolfospets.com\\\/wp-content\\\/uploads\\\/2022\\\/08\\\/dolfospets.svg\",\"contentUrl\":\"https:\\\/\\\/dolfospets.com\\\/wp-content\\\/uploads\\\/2022\\\/08\\\/dolfospets.svg\",\"caption\":\"DOLFOS PETS\"},\"image\":{\"@id\":\"https:\\\/\\\/dolfospets.com\\\/#\\\/schema\\\/logo\\\/image\\\/\"}}]}<\/script>\n<!-- \/ Yoast SEO plugin. -->","yoast_head_json":{"title":"DOLSTONE mineral DG - DOLFOS PETS","robots":{"index":"index","follow":"follow","max-snippet":"max-snippet:-1","max-image-preview":"max-image-preview:large","max-video-preview":"max-video-preview:-1"},"canonical":"https:\/\/dolfospets.com\/en\/sklep\/preparations-for-pigeons\/vitamins-minerals-amino-acids\/dolstone-mineral-dg\/","og_locale":"en_US","og_type":"article","og_title":"DOLSTONE mineral DG - DOLFOS PETS","og_description":"Minera\u0142y w formie kamienia","og_url":"https:\/\/dolfospets.com\/en\/sklep\/preparations-for-pigeons\/vitamins-minerals-amino-acids\/dolstone-mineral-dg\/","og_site_name":"DOLFOS PETS","article_modified_time":"2024-04-24T16:03:07+00:00","og_image":[{"width":900,"height":1363,"url":"https:\/\/dolfospets.com\/wp-content\/uploads\/2023\/12\/dolstone.png","type":"image\/png"}],"twitter_card":"summary_large_image","schema":{"@context":"https:\/\/schema.org","@graph":[{"@type":"WebPage","@id":"https:\/\/dolfospets.com\/en\/sklep\/preparations-for-pigeons\/vitamins-minerals-amino-acids\/dolstone-mineral-dg\/","url":"https:\/\/dolfospets.com\/en\/sklep\/preparations-for-pigeons\/vitamins-minerals-amino-acids\/dolstone-mineral-dg\/","name":"DOLSTONE mineral DG - DOLFOS PETS","isPartOf":{"@id":"https:\/\/dolfospets.com\/#website"},"primaryImageOfPage":{"@id":"https:\/\/dolfospets.com\/en\/sklep\/preparations-for-pigeons\/vitamins-minerals-amino-acids\/dolstone-mineral-dg\/#primaryimage"},"image":{"@id":"https:\/\/dolfospets.com\/en\/sklep\/preparations-for-pigeons\/vitamins-minerals-amino-acids\/dolstone-mineral-dg\/#primaryimage"},"thumbnailUrl":"https:\/\/dolfospets.com\/wp-content\/uploads\/2023\/12\/dolstone.png","datePublished":"2023-12-13T17:41:33+00:00","dateModified":"2024-04-24T16:03:07+00:00","breadcrumb":{"@id":"https:\/\/dolfospets.com\/en\/sklep\/preparations-for-pigeons\/vitamins-minerals-amino-acids\/dolstone-mineral-dg\/#breadcrumb"},"inLanguage":"en-US","potentialAction":[{"@type":"ReadAction","target":["https:\/\/dolfospets.com\/en\/sklep\/preparations-for-pigeons\/vitamins-minerals-amino-acids\/dolstone-mineral-dg\/"]}]},{"@type":"ImageObject","inLanguage":"en-US","@id":"https:\/\/dolfospets.com\/en\/sklep\/preparations-for-pigeons\/vitamins-minerals-amino-acids\/dolstone-mineral-dg\/#primaryimage","url":"https:\/\/dolfospets.com\/wp-content\/uploads\/2023\/12\/dolstone.png","contentUrl":"https:\/\/dolfospets.com\/wp-content\/uploads\/2023\/12\/dolstone.png","width":900,"height":1363},{"@type":"BreadcrumbList","@id":"https:\/\/dolfospets.com\/en\/sklep\/preparations-for-pigeons\/vitamins-minerals-amino-acids\/dolstone-mineral-dg\/#breadcrumb","itemListElement":[{"@type":"ListItem","position":1,"name":"Strona g\u0142\u00f3wna","item":"https:\/\/dolfospets.com\/"},{"@type":"ListItem","position":2,"name":"Produkty","item":"https:\/\/dolfospets.com\/shop\/"},{"@type":"ListItem","position":3,"name":"DOLSTONE mineral DG"}]},{"@type":"WebSite","@id":"https:\/\/dolfospets.com\/#website","url":"https:\/\/dolfospets.com\/","name":"DOLFOS PETS","description":"","publisher":{"@id":"https:\/\/dolfospets.com\/#organization"},"potentialAction":[{"@type":"SearchAction","target":{"@type":"EntryPoint","urlTemplate":"https:\/\/dolfospets.com\/?s={search_term_string}"},"query-input":{"@type":"PropertyValueSpecification","valueRequired":true,"valueName":"search_term_string"}}],"inLanguage":"en-US"},{"@type":"Organization","@id":"https:\/\/dolfospets.com\/#organization","name":"DOLFOS PETS","url":"https:\/\/dolfospets.com\/","logo":{"@type":"ImageObject","inLanguage":"en-US","@id":"https:\/\/dolfospets.com\/#\/schema\/logo\/image\/","url":"https:\/\/dolfospets.com\/wp-content\/uploads\/2022\/08\/dolfospets.svg","contentUrl":"https:\/\/dolfospets.com\/wp-content\/uploads\/2022\/08\/dolfospets.svg","caption":"DOLFOS PETS"},"image":{"@id":"https:\/\/dolfospets.com\/#\/schema\/logo\/image\/"}}]}},"_links":{"self":[{"href":"https:\/\/dolfospets.com\/en\/wp-json\/wp\/v2\/product\/25037","targetHints":{"allow":["GET"]}}],"collection":[{"href":"https:\/\/dolfospets.com\/en\/wp-json\/wp\/v2\/product"}],"about":[{"href":"https:\/\/dolfospets.com\/en\/wp-json\/wp\/v2\/types\/product"}],"replies":[{"embeddable":true,"href":"https:\/\/dolfospets.com\/en\/wp-json\/wp\/v2\/comments?post=25037"}],"wp:featuredmedia":[{"embeddable":true,"href":"https:\/\/dolfospets.com\/en\/wp-json\/wp\/v2\/media\/26784"}],"wp:attachment":[{"href":"https:\/\/dolfospets.com\/en\/wp-json\/wp\/v2\/media?parent=25037"}],"wp:term":[{"taxonomy":"product_brand","embeddable":true,"href":"https:\/\/dolfospets.com\/en\/wp-json\/wp\/v2\/product_brand?post=25037"},{"taxonomy":"product_cat","embeddable":true,"href":"https:\/\/dolfospets.com\/en\/wp-json\/wp\/v2\/product_cat?post=25037"},{"taxonomy":"product_tag","embeddable":true,"href":"https:\/\/dolfospets.com\/en\/wp-json\/wp\/v2\/product_tag?post=25037"}],"curies":[{"name":"wp","href":"https:\/\/api.w.org\/{rel}","templated":true}]}}